{"id":29,"date":"2026-01-20T00:46:53","date_gmt":"2026-01-19T23:46:53","guid":{"rendered":"https:\/\/silvia-herrero.com\/?page_id=29"},"modified":"2026-01-22T21:59:17","modified_gmt":"2026-01-22T20:59:17","slug":"contacto","status":"publish","type":"page","link":"https:\/\/www.silvia-herrero.com\/en\/contacto\/","title":{"rendered":"Contact"},"content":{"rendered":"<section class=\"l-section wpb_row height_auto width_full\"><div class=\"l-section-h i-cf\"><div class=\"g-cols vc_row via_flex valign_top type_default stacking_default\"><div class=\"vc_col-sm-12 wpb_column vc_column_container\"><div class=\"vc_column-inner\"><div class=\"wpb_wrapper\"><section class=\"l-section wpb_row us_custom_e3b9c1a6 us_animate_this height_medium\"><div class=\"l-section-h i-cf\"><div class=\"g-cols vc_row via_flex valign_top type_default stacking_default\"><div class=\"vc_col-sm-12 wpb_column vc_column_container\"><div class=\"vc_column-inner\"><div class=\"wpb_wrapper\"><div class=\"g-cols wpb_row via_flex valign_top type_default stacking_default\"><div class=\"vc_col-sm-2 wpb_column vc_column_container\"><div class=\"vc_column-inner us_custom_45c7bd72\"><div class=\"wpb_wrapper\"><\/div><\/div><\/div><div class=\"vc_col-sm-8 wpb_column vc_column_container\"><div class=\"vc_column-inner\"><div class=\"wpb_wrapper\"><div class=\"w-separator hide_on_default hide_on_laptops size_huge\"><\/div><div class=\"w-separator size_medium\"><\/div><h2 class=\"w-post-elm post_title us_custom_6f72c98b has_text_color us_animate_this align_center entry-title color_link_inherit\">Contact<\/h2><nav class=\"g-breadcrumbs us_custom_60bc9eb9 has_text_color us_animate_this separator_icon align_center\" itemscope itemtype=\"http:\/\/schema.org\/BreadcrumbList\"><div class=\"g-breadcrumbs-item\" itemscope itemprop=\"itemListElement\" itemtype=\"http:\/\/schema.org\/ListItem\"><a itemprop=\"item\" href=\"https:\/\/www.silvia-herrero.com\/en\/\"><span itemprop=\"name\">Home<\/span><\/a><meta itemprop=\"position\" content=\"1\"\/><\/div><div class=\"g-breadcrumbs-separator\"><i class=\"far fa-angle-right\"><\/i><\/div><div class=\"g-breadcrumbs-item\">Pages<\/div><\/nav><div class=\"w-separator size_medium\"><\/div><div class=\"w-separator hide_on_default hide_on_laptops size_huge\"><\/div><\/div><\/div><\/div><div class=\"vc_col-sm-2 wpb_column vc_column_container\"><div class=\"vc_column-inner\"><div class=\"wpb_wrapper\"><\/div><\/div><\/div><\/div><\/div><\/div><\/div><\/div><\/div><\/section>\n<\/div><\/div><\/div><\/div><\/div><\/section><section class=\"l-section wpb_row height_large\"><div class=\"l-section-h i-cf\"><div class=\"g-cols vc_row via_flex valign_top type_default stacking_default\"><div class=\"vc_col-sm-12 wpb_column vc_column_container\"><div class=\"vc_column-inner\"><div class=\"wpb_wrapper\"><div class=\"w-separator hide_on_default hide_on_laptops size_large\"><\/div><div class=\"g-cols wpb_row via_flex valign_top type_default stacking_default\"><div class=\"vc_col-sm-6 wpb_column vc_column_container\"><div class=\"vc_column-inner us_custom_0fc67d13 us_animate_this\"><div class=\"wpb_wrapper\"><div class=\"w-vwrapper align_none valign_top\" style=\"--vwrapper-gap:0.5rem\"><div class=\"wpb_text_column us_custom_62bb8db7 has_text_color\"><div class=\"wpb_wrapper\"><p>Contact<\/p>\n<\/div><\/div><div class=\"wpb_text_column us_custom_55249225 has_text_color\"><div class=\"wpb_wrapper\"><p>I'm here to listen<\/p>\n<\/div><\/div><\/div><div class=\"w-separator size_small\"><\/div><div class=\"wpb_text_column\"><div class=\"wpb_wrapper\"><p>If you have doubts about what type of guidance is best for you, or simply don't know where to start, write to me. Remember: asking is the first act of leadership toward your health.<\/p>\n<\/div><\/div><div class=\"w-separator size_small\"><\/div>\n<div class=\"wpcf7 no-js\" id=\"wpcf7-f35-o1\" lang=\"es-ES\" dir=\"ltr\" data-wpcf7-id=\"35\">\n<div class=\"screen-reader-response\"><p role=\"status\" aria-live=\"polite\" aria-atomic=\"true\"><\/p> <ul><\/ul><\/div>\n<form action=\"\/en\/wp-json\/wp\/v2\/pages\/29#wpcf7-f35-o1\" method=\"post\" class=\"wpcf7-form init\" aria-label=\"Formulario de contacto\" novalidate=\"novalidate\" data-status=\"init\" data-trp-original-action=\"\/en\/wp-json\/wp\/v2\/pages\/29#wpcf7-f35-o1\">\n<fieldset class=\"hidden-fields-container\"><input type=\"hidden\" name=\"_wpcf7\" value=\"35\" \/><input type=\"hidden\" name=\"_wpcf7_version\" value=\"6.1.4\" \/><input type=\"hidden\" name=\"_wpcf7_locale\" value=\"es_ES\" \/><input type=\"hidden\" name=\"_wpcf7_unit_tag\" value=\"wpcf7-f35-o1\" \/><input type=\"hidden\" name=\"_wpcf7_container_post\" value=\"0\" \/><input type=\"hidden\" name=\"_wpcf7_posted_data_hash\" value=\"\" \/>\n<\/fieldset>\n<div id=\"responsive-form\" class=\"clearfix\">\n\t<div class=\"form-row\">\n\t\t<div class=\"column-half\">\n\t\t\t<p><span class=\"wpcf7-form-control-wrap\" data-name=\"nombres\"><input size=\"40\" maxlength=\"400\" class=\"wpcf7-form-control wpcf7-text wpcf7-validates-as-required\" aria-required=\"true\" aria-invalid=\"false\" placeholder=\"Name\" value=\"\" type=\"text\" name=\"nombres\" \/><\/span>\n\t\t\t<\/p>\n\t\t<\/div>\n\t\t<div class=\"column-half\">\n\t\t\t<p><span class=\"wpcf7-form-control-wrap\" data-name=\"whats\"><input size=\"40\" maxlength=\"400\" class=\"wpcf7-form-control wpcf7-tel wpcf7-text wpcf7-validates-as-tel\" aria-invalid=\"false\" placeholder=\"Phone\" value=\"\" type=\"tel\" name=\"whats\" \/><\/span>\n\t\t\t<\/p>\n\t\t<\/div>\n\t\t<p><span id=\"wpcf7-69d449b9db164-wrapper\" class=\"wpcf7-form-control-wrap phone-wrap\" style=\"display:none !important; visibility:hidden !important;\"><label for=\"wpcf7-69d449b9db164-field\" class=\"hp-message\">Por favor, deja este campo vac\u00edo.<\/label><input id=\"wpcf7-69d449b9db164-field\"  class=\"wpcf7-form-control wpcf7-text\" type=\"text\" name=\"phone\" value=\"\" size=\"40\" tabindex=\"-1\" autocomplete=\"new-password\" \/><\/span>\n\t\t<\/p>\n\t<\/div>\n\t<div class=\"form-row\">\n\t\t<div class=\"column-half\">\n\t\t\t<p><span class=\"wpcf7-form-control-wrap\" data-name=\"correos\"><input size=\"40\" maxlength=\"400\" class=\"wpcf7-form-control wpcf7-email wpcf7-validates-as-required wpcf7-text wpcf7-validates-as-email\" aria-required=\"true\" aria-invalid=\"false\" placeholder=\"Email\" value=\"\" type=\"email\" name=\"correos\" \/><\/span>\n\t\t\t<\/p>\n\t\t<\/div>\n\t\t<div class=\"column-half\">\n\t\t\t<p><span class=\"wpcf7-form-control-wrap\" data-name=\"asuntos\"><input size=\"40\" maxlength=\"400\" class=\"wpcf7-form-control wpcf7-text wpcf7-validates-as-required\" aria-required=\"true\" aria-invalid=\"false\" placeholder=\"Subject\" value=\"\" type=\"text\" name=\"asuntos\" \/><\/span>\n\t\t\t<\/p>\n\t\t<\/div>\n\t\t<p><span id=\"wpcf7-69d449b9db1f9-wrapper\" class=\"wpcf7-form-control-wrap website-wrap\" style=\"display:none !important; visibility:hidden !important;\"><label for=\"wpcf7-69d449b9db1f9-field\" class=\"hp-message\">Por favor, deja este campo vac\u00edo.<\/label><input id=\"wpcf7-69d449b9db1f9-field\"  class=\"wpcf7-form-control wpcf7-text\" type=\"text\" name=\"website\" value=\"\" size=\"40\" tabindex=\"-1\" autocomplete=\"new-password\" \/><\/span>\n\t\t<\/p>\n\t<\/div>\n\t<div class=\"form-row\">\n\t\t<div class=\"column-full\">\n\t\t\t<p><span class=\"wpcf7-form-control-wrap\" data-name=\"mensajes\"><textarea cols=\"40\" rows=\"10\" maxlength=\"2000\" class=\"wpcf7-form-control wpcf7-textarea wpcf7-validates-as-required\" aria-required=\"true\" aria-invalid=\"false\" placeholder=\"How can I help you?\" name=\"mensajes\"><\/textarea><\/span>\n\t\t\t<\/p>\n\t\t<\/div>\n\t<\/div>\n\t<div class=\"form-row\">\n\t\t<div class=\"column-full\">\n\t\t\t<p><span class=\"wpcf7-form-control-wrap\" data-name=\"aceptar\"><span class=\"wpcf7-form-control wpcf7-acceptance\"><span class=\"wpcf7-list-item\"><label><input type=\"checkbox\" name=\"aceptar\" value=\"1\" aria-invalid=\"false\" \/><span class=\"wpcf7-list-item-label\">Yes, I give my consent for my data to be stored in accordance with the guidelines established in the <a href=\"https:\/\/www.silvia-herrero.com\/en\/politica-de-privacidad\/\">Privacy policy<\/a>.<\/span><\/label><\/span><\/span><\/span>\n\t\t\t<\/p>\n\t\t<\/div>\n\t<\/div>\n\t<div class=\"form-row\">\n\t\t<div class=\"column-full\">\n\t\t\t<div class=\"submit-button\">\n\t\t\t\t<p><input class=\"wpcf7-form-control wpcf7-submit has-spinner\" type=\"submit\" value=\"Send message\" \/>\n\t\t\t\t<\/p>\n\t\t\t<\/div>\n\t\t<\/div>\n\t<\/div>\n<\/div>\n\n<!--end responsive-form--><div class=\"wpcf7-response-output\" aria-hidden=\"true\"><\/div>\n<input type=\"hidden\" name=\"trp-form-language\" value=\"en\"\/><\/form>\n<\/div>\n<\/div><\/div><\/div><div class=\"vc_col-sm-6 wpb_column vc_column_container\"><div class=\"vc_column-inner us_custom_92e02646 us_animate_this\"><div class=\"wpb_wrapper\"><div class=\"w-html\"><iframe src=\"https:\/\/www.google.com\/maps\/embed?pb=!1m18!1m12!1m3!1d3079.333664183041!2d-0.38235800000000003!3d39.4843797!2m3!1f0!2f0!3f0!3m2!1i1024!2i768!4f13.1!3m3!1m2!1s0xd604781a554f62f%3A0xd068e6c7b34a3242!2sAsociaci%C3%B3n%20Valenciana%20de%20Diabetes!5e0!3m2!1ses-419!2smx!4v1768866347185!5m2!1ses-419!2smx\" width=\"100%\" height=\"600\" style=\"border:0;\" allowfullscreen=\"\" loading=\"lazy\" referrerpolicy=\"no-referrer-when-downgrade\"><\/iframe><\/div><\/div><\/div><\/div><\/div><div class=\"w-separator size_large\"><\/div><div class=\"g-cols wpb_row us_custom_8da9fc34 us_animate_this via_flex valign_top type_default stacking_default\"><div class=\"vc_col-sm-4 wpb_column vc_column_container\"><div class=\"vc_column-inner us_custom_f70d789f us_animate_this\"><div class=\"wpb_wrapper\"><div class=\"w-iconbox us_custom_6df4bc3a has_text_color iconpos_left style_circle color_custom align_left\"><a target=\"_blank\" href=\"https:\/\/www.instagram.com\/quiroznutrition\/\" class=\"w-iconbox-link\" aria-label=\"Instagram\"><div class=\"w-iconbox-icon\" style=\"font-size:20px;--icon-color:#8088E6;--icon-bg-color:#ffffff;\"><i class=\"fab fa-instagram\"><\/i><\/div><\/a><div class=\"w-iconbox-meta\"><h4 class=\"w-iconbox-title\"><a target=\"_blank\" href=\"https:\/\/www.instagram.com\/quiroznutrition\/\" class=\"w-iconbox-link\" aria-label=\"Instagram\">Instagram<\/a><\/h4><div class=\"w-iconbox-text\"><p><a href=\"https:\/\/www.instagram.com\/silviaherreroduato\" target=\"_blank\" rel=\"noopener\">@silviaherreroduato<\/a><\/p>\n<\/div><\/div><\/div><\/div><\/div><\/div><div class=\"vc_col-sm-4 wpb_column vc_column_container\"><div class=\"vc_column-inner us_custom_1fb8b2dc us_animate_this\"><div class=\"wpb_wrapper\"><div class=\"w-iconbox us_custom_6df4bc3a has_text_color iconpos_left style_circle color_custom align_left\"><a href=\"mailto:silvia.herreroduato@gmail.com\" class=\"w-iconbox-link\" aria-label=\"Email\"><div class=\"w-iconbox-icon\" style=\"font-size:20px;--icon-color:#8088E6;--icon-bg-color:#ffffff;\"><i class=\"fas fa-envelope-open\"><\/i><\/div><\/a><div class=\"w-iconbox-meta\"><h4 class=\"w-iconbox-title\"><a href=\"mailto:silvia.herreroduato@gmail.com\" class=\"w-iconbox-link\" aria-label=\"Email\">Email<\/a><\/h4><div class=\"w-iconbox-text\"><p><a href=\"mailto:silvia.herreroduato@gmail.com\">silvia.herreroduato@gmail.com<\/a><\/p>\n<\/div><\/div><\/div><\/div><\/div><\/div><div class=\"vc_col-sm-4 wpb_column vc_column_container\"><div class=\"vc_column-inner us_custom_47d40b1d us_animate_this\"><div class=\"wpb_wrapper\"><div class=\"w-iconbox us_custom_6df4bc3a has_text_color iconpos_left style_circle color_custom align_left\"><div class=\"w-iconbox-icon\" style=\"font-size:20px;--icon-color:#8088E6;--icon-bg-color:#ffffff;\"><i class=\"fas fa-map-marker-alt\"><\/i><\/div><div class=\"w-iconbox-meta\"><h4 class=\"w-iconbox-title\">Address<\/h4><div class=\"w-iconbox-text\"><p>C. del Periodista Llorente, 3<\/p>\n<\/div><\/div><\/div><\/div><\/div><\/div><\/div><div class=\"w-separator hide_on_default hide_on_laptops size_large\"><\/div><\/div><\/div><\/div><\/div><\/div><\/section>","protected":false},"excerpt":{"rendered":"ContactoHomePages Contacto Estoy aqu\u00ed para escuchar Si tienes dudas sobre qu\u00e9 tipo de acompa\u00f1amiento es mejor para ti, o simplemente no sabes por d\u00f3nde empezar, escr\u00edbeme. Recuerda: preguntar es el primer acto de liderazgo hacia tu salud. Por favor, deja este campo vac\u00edo. Por favor, deja este campo vac\u00edo. S\u00ed, doy mi consentimiento para que...","protected":false},"author":1,"featured_media":24,"parent":0,"menu_order":0,"comment_status":"closed","ping_status":"closed","template":"","meta":{"footnotes":""},"class_list":["post-29","page","type-page","status-publish","has-post-thumbnail","hentry"],"yoast_head":"<!-- This site is optimized with the Yoast SEO plugin v26.8 - https:\/\/yoast.com\/product\/yoast-seo-wordpress\/ -->\n<title>Silvia Herrero | Contacto<\/title>\n<meta name=\"robots\" content=\"index, follow, max-snippet:-1, max-image-preview:large, max-video-preview:-1\" \/>\n<link rel=\"canonical\" href=\"https:\/\/www.silvia-herrero.com\/en\/contacto\/\" \/>\n<meta property=\"og:locale\" content=\"en_US\" \/>\n<meta property=\"og:type\" content=\"article\" \/>\n<meta property=\"og:title\" content=\"Silvia Herrero | Contacto\" \/>\n<meta property=\"og:url\" content=\"https:\/\/www.silvia-herrero.com\/en\/contacto\/\" \/>\n<meta property=\"og:site_name\" content=\"Silvia Herrero\" \/>\n<meta property=\"article:modified_time\" content=\"2026-01-22T20:59:17+00:00\" \/>\n<meta property=\"og:image\" content=\"https:\/\/www.silvia-herrero.com\/wp-content\/uploads\/2026\/01\/SilviaHerrero.jpg\" \/>\n\t<meta property=\"og:image:width\" content=\"1200\" \/>\n\t<meta property=\"og:image:height\" content=\"1200\" \/>\n\t<meta property=\"og:image:type\" content=\"image\/jpeg\" \/>\n<meta name=\"twitter:card\" content=\"summary_large_image\" \/>\n<meta name=\"twitter:label1\" content=\"Est. reading time\" \/>\n\t<meta name=\"twitter:data1\" content=\"4 minutes\" \/>\n<script type=\"application\/ld+json\" class=\"yoast-schema-graph\">{\"@context\":\"https:\/\/schema.org\",\"@graph\":[{\"@type\":\"WebPage\",\"@id\":\"https:\/\/www.silvia-herrero.com\/contacto\/\",\"url\":\"https:\/\/www.silvia-herrero.com\/contacto\/\",\"name\":\"Silvia Herrero | Contacto\",\"isPartOf\":{\"@id\":\"https:\/\/www.silvia-herrero.com\/#website\"},\"primaryImageOfPage\":{\"@id\":\"https:\/\/www.silvia-herrero.com\/contacto\/#primaryimage\"},\"image\":{\"@id\":\"https:\/\/www.silvia-herrero.com\/contacto\/#primaryimage\"},\"thumbnailUrl\":\"https:\/\/www.silvia-herrero.com\/wp-content\/uploads\/2026\/01\/SilviaHerrero.jpg\",\"datePublished\":\"2026-01-19T23:46:53+00:00\",\"dateModified\":\"2026-01-22T20:59:17+00:00\",\"breadcrumb\":{\"@id\":\"https:\/\/www.silvia-herrero.com\/contacto\/#breadcrumb\"},\"inLanguage\":\"en-US\",\"potentialAction\":[{\"@type\":\"ReadAction\",\"target\":[\"https:\/\/www.silvia-herrero.com\/contacto\/\"]}]},{\"@type\":\"ImageObject\",\"inLanguage\":\"en-US\",\"@id\":\"https:\/\/www.silvia-herrero.com\/contacto\/#primaryimage\",\"url\":\"https:\/\/www.silvia-herrero.com\/wp-content\/uploads\/2026\/01\/SilviaHerrero.jpg\",\"contentUrl\":\"https:\/\/www.silvia-herrero.com\/wp-content\/uploads\/2026\/01\/SilviaHerrero.jpg\",\"width\":1200,\"height\":1200},{\"@type\":\"BreadcrumbList\",\"@id\":\"https:\/\/www.silvia-herrero.com\/contacto\/#breadcrumb\",\"itemListElement\":[{\"@type\":\"ListItem\",\"position\":1,\"name\":\"Portada\",\"item\":\"https:\/\/www.silvia-herrero.com\/\"},{\"@type\":\"ListItem\",\"position\":2,\"name\":\"Contacto\"}]},{\"@type\":\"WebSite\",\"@id\":\"https:\/\/www.silvia-herrero.com\/#website\",\"url\":\"https:\/\/www.silvia-herrero.com\/\",\"name\":\"Silvia Herrero\",\"description\":\"\",\"publisher\":{\"@id\":\"https:\/\/www.silvia-herrero.com\/#organization\"},\"potentialAction\":[{\"@type\":\"SearchAction\",\"target\":{\"@type\":\"EntryPoint\",\"urlTemplate\":\"https:\/\/www.silvia-herrero.com\/?s={search_term_string}\"},\"query-input\":{\"@type\":\"PropertyValueSpecification\",\"valueRequired\":true,\"valueName\":\"search_term_string\"}}],\"inLanguage\":\"en-US\"},{\"@type\":\"Organization\",\"@id\":\"https:\/\/www.silvia-herrero.com\/#organization\",\"name\":\"Silvia Herrero\",\"url\":\"https:\/\/www.silvia-herrero.com\/\",\"logo\":{\"@type\":\"ImageObject\",\"inLanguage\":\"en-US\",\"@id\":\"https:\/\/www.silvia-herrero.com\/#\/schema\/logo\/image\/\",\"url\":\"https:\/\/silvia-herrero.com\/wp-content\/uploads\/2026\/01\/SilviaHerrero.jpg\",\"contentUrl\":\"https:\/\/silvia-herrero.com\/wp-content\/uploads\/2026\/01\/SilviaHerrero.jpg\",\"width\":1200,\"height\":1200,\"caption\":\"Silvia Herrero\"},\"image\":{\"@id\":\"https:\/\/www.silvia-herrero.com\/#\/schema\/logo\/image\/\"},\"sameAs\":[\"https:\/\/www.instagram.com\/silviaherreroduato\",\"https:\/\/www.linkedin.com\/in\/silvia-herrero-duato-19307a186\/\"]}]}<\/script>\n<!-- \/ Yoast SEO plugin. -->","yoast_head_json":{"title":"Silvia Herrero | Contacto","robots":{"index":"index","follow":"follow","max-snippet":"max-snippet:-1","max-image-preview":"max-image-preview:large","max-video-preview":"max-video-preview:-1"},"canonical":"https:\/\/www.silvia-herrero.com\/en\/contacto\/","og_locale":"en_US","og_type":"article","og_title":"Silvia Herrero | Contacto","og_url":"https:\/\/www.silvia-herrero.com\/en\/contacto\/","og_site_name":"Silvia Herrero","article_modified_time":"2026-01-22T20:59:17+00:00","og_image":[{"width":1200,"height":1200,"url":"https:\/\/www.silvia-herrero.com\/wp-content\/uploads\/2026\/01\/SilviaHerrero.jpg","type":"image\/jpeg"}],"twitter_card":"summary_large_image","twitter_misc":{"Est. reading time":"4 minutes"},"schema":{"@context":"https:\/\/schema.org","@graph":[{"@type":"WebPage","@id":"https:\/\/www.silvia-herrero.com\/contacto\/","url":"https:\/\/www.silvia-herrero.com\/contacto\/","name":"Silvia Herrero | Contacto","isPartOf":{"@id":"https:\/\/www.silvia-herrero.com\/#website"},"primaryImageOfPage":{"@id":"https:\/\/www.silvia-herrero.com\/contacto\/#primaryimage"},"image":{"@id":"https:\/\/www.silvia-herrero.com\/contacto\/#primaryimage"},"thumbnailUrl":"https:\/\/www.silvia-herrero.com\/wp-content\/uploads\/2026\/01\/SilviaHerrero.jpg","datePublished":"2026-01-19T23:46:53+00:00","dateModified":"2026-01-22T20:59:17+00:00","breadcrumb":{"@id":"https:\/\/www.silvia-herrero.com\/contacto\/#breadcrumb"},"inLanguage":"en-US","potentialAction":[{"@type":"ReadAction","target":["https:\/\/www.silvia-herrero.com\/contacto\/"]}]},{"@type":"ImageObject","inLanguage":"en-US","@id":"https:\/\/www.silvia-herrero.com\/contacto\/#primaryimage","url":"https:\/\/www.silvia-herrero.com\/wp-content\/uploads\/2026\/01\/SilviaHerrero.jpg","contentUrl":"https:\/\/www.silvia-herrero.com\/wp-content\/uploads\/2026\/01\/SilviaHerrero.jpg","width":1200,"height":1200},{"@type":"BreadcrumbList","@id":"https:\/\/www.silvia-herrero.com\/contacto\/#breadcrumb","itemListElement":[{"@type":"ListItem","position":1,"name":"Portada","item":"https:\/\/www.silvia-herrero.com\/"},{"@type":"ListItem","position":2,"name":"Contacto"}]},{"@type":"WebSite","@id":"https:\/\/www.silvia-herrero.com\/#website","url":"https:\/\/www.silvia-herrero.com\/","name":"Silvia Herrero","description":"","publisher":{"@id":"https:\/\/www.silvia-herrero.com\/#organization"},"potentialAction":[{"@type":"SearchAction","target":{"@type":"EntryPoint","urlTemplate":"https:\/\/www.silvia-herrero.com\/?s={search_term_string}"},"query-input":{"@type":"PropertyValueSpecification","valueRequired":true,"valueName":"search_term_string"}}],"inLanguage":"en-US"},{"@type":"Organization","@id":"https:\/\/www.silvia-herrero.com\/#organization","name":"Silvia Herrero","url":"https:\/\/www.silvia-herrero.com\/","logo":{"@type":"ImageObject","inLanguage":"en-US","@id":"https:\/\/www.silvia-herrero.com\/#\/schema\/logo\/image\/","url":"https:\/\/silvia-herrero.com\/wp-content\/uploads\/2026\/01\/SilviaHerrero.jpg","contentUrl":"https:\/\/silvia-herrero.com\/wp-content\/uploads\/2026\/01\/SilviaHerrero.jpg","width":1200,"height":1200,"caption":"Silvia Herrero"},"image":{"@id":"https:\/\/www.silvia-herrero.com\/#\/schema\/logo\/image\/"},"sameAs":["https:\/\/www.instagram.com\/silviaherreroduato","https:\/\/www.linkedin.com\/in\/silvia-herrero-duato-19307a186\/"]}]}},"_links":{"self":[{"href":"https:\/\/www.silvia-herrero.com\/en\/wp-json\/wp\/v2\/pages\/29","targetHints":{"allow":["GET"]}}],"collection":[{"href":"https:\/\/www.silvia-herrero.com\/en\/wp-json\/wp\/v2\/pages"}],"about":[{"href":"https:\/\/www.silvia-herrero.com\/en\/wp-json\/wp\/v2\/types\/page"}],"author":[{"embeddable":true,"href":"https:\/\/www.silvia-herrero.com\/en\/wp-json\/wp\/v2\/users\/1"}],"replies":[{"embeddable":true,"href":"https:\/\/www.silvia-herrero.com\/en\/wp-json\/wp\/v2\/comments?post=29"}],"version-history":[{"count":6,"href":"https:\/\/www.silvia-herrero.com\/en\/wp-json\/wp\/v2\/pages\/29\/revisions"}],"predecessor-version":[{"id":119,"href":"https:\/\/www.silvia-herrero.com\/en\/wp-json\/wp\/v2\/pages\/29\/revisions\/119"}],"wp:featuredmedia":[{"embeddable":true,"href":"https:\/\/www.silvia-herrero.com\/en\/wp-json\/wp\/v2\/media\/24"}],"wp:attachment":[{"href":"https:\/\/www.silvia-herrero.com\/en\/wp-json\/wp\/v2\/media?parent=29"}],"curies":[{"name":"wp","href":"https:\/\/api.w.org\/{rel}","templated":true}]}}