{"id":162,"date":"2026-01-24T18:02:12","date_gmt":"2026-01-24T17:02:12","guid":{"rendered":"https:\/\/silvia-herrero.com\/?page_id=162"},"modified":"2026-01-24T18:02:12","modified_gmt":"2026-01-24T17:02:12","slug":"tratamiento-de-datos-personales","status":"publish","type":"page","link":"https:\/\/www.silvia-herrero.com\/en\/tratamiento-de-datos-personales\/","title":{"rendered":"Processing of Personal Data"},"content":{"rendered":"<section class=\"l-section wpb_row height_auto width_full\"><div class=\"l-section-h i-cf\"><div class=\"g-cols vc_row via_flex valign_top type_default stacking_default\"><div class=\"vc_col-sm-12 wpb_column vc_column_container\"><div class=\"vc_column-inner\"><div class=\"wpb_wrapper\"><section class=\"l-section wpb_row us_custom_e3b9c1a6 us_animate_this height_medium\"><div class=\"l-section-h i-cf\"><div class=\"g-cols vc_row via_flex valign_top type_default stacking_default\"><div class=\"vc_col-sm-12 wpb_column vc_column_container\"><div class=\"vc_column-inner\"><div class=\"wpb_wrapper\"><div class=\"g-cols wpb_row via_flex valign_top type_default stacking_default\"><div class=\"vc_col-sm-2 wpb_column vc_column_container\"><div class=\"vc_column-inner us_custom_45c7bd72\"><div class=\"wpb_wrapper\"><\/div><\/div><\/div><div class=\"vc_col-sm-8 wpb_column vc_column_container\"><div class=\"vc_column-inner\"><div class=\"wpb_wrapper\"><div class=\"w-separator hide_on_default hide_on_laptops size_huge\"><\/div><div class=\"w-separator size_medium\"><\/div><h2 class=\"w-post-elm post_title us_custom_6f72c98b has_text_color us_animate_this align_center entry-title color_link_inherit\">Processing of Personal Data<\/h2><nav class=\"g-breadcrumbs us_custom_60bc9eb9 has_text_color us_animate_this separator_icon align_center\" itemscope itemtype=\"http:\/\/schema.org\/BreadcrumbList\"><div class=\"g-breadcrumbs-item\" itemscope itemprop=\"itemListElement\" itemtype=\"http:\/\/schema.org\/ListItem\"><a itemprop=\"item\" href=\"https:\/\/www.silvia-herrero.com\/en\/\"><span itemprop=\"name\">Home<\/span><\/a><meta itemprop=\"position\" content=\"1\"\/><\/div><div class=\"g-breadcrumbs-separator\"><i class=\"far fa-angle-right\"><\/i><\/div><div class=\"g-breadcrumbs-item\">Pages<\/div><\/nav><div class=\"w-separator size_medium\"><\/div><div class=\"w-separator hide_on_default hide_on_laptops size_huge\"><\/div><\/div><\/div><\/div><div class=\"vc_col-sm-2 wpb_column vc_column_container\"><div class=\"vc_column-inner\"><div class=\"wpb_wrapper\"><\/div><\/div><\/div><\/div><\/div><\/div><\/div><\/div><\/div><\/section>\n<\/div><\/div><\/div><\/div><\/div><\/section><section class=\"l-section wpb_row height_large\"><div class=\"l-section-h i-cf\"><div class=\"g-cols vc_row via_flex valign_top type_default stacking_default\"><div class=\"vc_col-sm-12 wpb_column vc_column_container\"><div class=\"vc_column-inner us_custom_47d40b1d us_animate_this\"><div class=\"wpb_wrapper\"><div class=\"wpb_text_column\"><div class=\"wpb_wrapper\"><p>SILVIA HERRERO es el Responsable del tratamiento de los datos personales del Interesado&nbsp;y le informa que estos datos ser\u00e1n tratados de conformidad con lo dispuesto en el Reglamento (UE) 2016\/679 de 27 de abril de 2016 (GDPR) y , por lo que se le facilita la&nbsp;siguiente informaci\u00f3n del tratamiento:<\/p>\n<p><strong>Fines del tratamiento:&nbsp;<\/strong>seg\u00fan se especifica en el apartado de cookies que se<br \/>\nutilizan en este sitio web.<\/p>\n<p><strong>Legitimaci\u00f3n del tratamiento:&nbsp;<\/strong>por inter\u00e9s leg\u00edtimo del responsable: cookies t\u00e9cnicas y por consentimiento del interesado: cookies anal\u00edticas comportamentales y publicitarias.<\/p>\n<p><strong>Criterios de conservaci\u00f3n de los datos:&nbsp;<\/strong>seg\u00fan se especifica en el apartado de cookies utilizadas en la web.<\/p>\n<p><strong>Comunicaci\u00f3n de&nbsp;los datos:<span>&nbsp;<\/span><\/strong>no se comunicar\u00e1n&nbsp;los datos a terceros, excepto en cookies propiedad de terceros o por obligaci\u00f3n legal.<\/p>\n<p><strong>Derechos que asisten al Interesado:<\/strong><\/p>\n<ul class=\"wp-block-list\">\n<li>Derecho a retirar el consentimiento en cualquier momento.<\/li>\n<li>Derecho de acceso, rectificaci\u00f3n, portabilidad y supresi\u00f3n de sus datos y a la<br \/>\nlimitaci\u00f3n u oposici\u00f3n a su tratamiento.<\/li>\n<li>Derecho a presentar una reclamaci\u00f3n ante la Autoridad de control (www.aepd.es)<br \/>\nsi&nbsp;considera que el tratamiento no se ajusta a la normativa vigente.<\/li>\n<\/ul>\n<p><strong>Datos de contacto para ejercer sus derechos:<span>&nbsp;<\/span><\/strong>silvia.herreroduato@gmail.com<\/p>\n<\/div><\/div><\/div><\/div><\/div><\/div><\/div><\/section>","protected":false},"excerpt":{"rendered":"Tratamiento de datos personalesHomePages SILVIA HERRERO es el Responsable del tratamiento de los datos personales del Interesado&nbsp;y le informa que estos datos ser\u00e1n tratados de conformidad con lo dispuesto en el Reglamento (UE) 2016\/679 de 27 de abril de 2016 (GDPR) y , por lo que se le facilita la&nbsp;siguiente informaci\u00f3n del tratamiento: Fines del...","protected":false},"author":1,"featured_media":24,"parent":0,"menu_order":0,"comment_status":"closed","ping_status":"closed","template":"","meta":{"footnotes":""},"class_list":["post-162","page","type-page","status-publish","has-post-thumbnail","hentry"],"yoast_head":"<!-- This site is optimized with the Yoast SEO plugin v26.8 - https:\/\/yoast.com\/product\/yoast-seo-wordpress\/ -->\n<title>Silvia Herrero | Tratamiento de datos personales<\/title>\n<meta name=\"robots\" content=\"index, follow, max-snippet:-1, max-image-preview:large, max-video-preview:-1\" \/>\n<link rel=\"canonical\" href=\"https:\/\/www.silvia-herrero.com\/en\/tratamiento-de-datos-personales\/\" \/>\n<meta property=\"og:locale\" content=\"en_US\" \/>\n<meta property=\"og:type\" content=\"article\" \/>\n<meta property=\"og:title\" content=\"Silvia Herrero | Tratamiento de datos personales\" \/>\n<meta property=\"og:url\" content=\"https:\/\/www.silvia-herrero.com\/en\/tratamiento-de-datos-personales\/\" \/>\n<meta property=\"og:site_name\" content=\"Silvia Herrero\" \/>\n<meta property=\"og:image\" content=\"https:\/\/www.silvia-herrero.com\/wp-content\/uploads\/2026\/01\/SilviaHerrero.jpg\" \/>\n\t<meta property=\"og:image:width\" content=\"1200\" \/>\n\t<meta property=\"og:image:height\" content=\"1200\" \/>\n\t<meta property=\"og:image:type\" content=\"image\/jpeg\" \/>\n<meta name=\"twitter:card\" content=\"summary_large_image\" \/>\n<meta name=\"twitter:label1\" content=\"Est. reading time\" \/>\n\t<meta name=\"twitter:data1\" content=\"2 minutes\" \/>\n<script type=\"application\/ld+json\" class=\"yoast-schema-graph\">{\"@context\":\"https:\/\/schema.org\",\"@graph\":[{\"@type\":\"WebPage\",\"@id\":\"https:\/\/www.silvia-herrero.com\/tratamiento-de-datos-personales\/\",\"url\":\"https:\/\/www.silvia-herrero.com\/tratamiento-de-datos-personales\/\",\"name\":\"Silvia Herrero | Tratamiento de datos personales\",\"isPartOf\":{\"@id\":\"https:\/\/www.silvia-herrero.com\/#website\"},\"primaryImageOfPage\":{\"@id\":\"https:\/\/www.silvia-herrero.com\/tratamiento-de-datos-personales\/#primaryimage\"},\"image\":{\"@id\":\"https:\/\/www.silvia-herrero.com\/tratamiento-de-datos-personales\/#primaryimage\"},\"thumbnailUrl\":\"https:\/\/www.silvia-herrero.com\/wp-content\/uploads\/2026\/01\/SilviaHerrero.jpg\",\"datePublished\":\"2026-01-24T17:02:12+00:00\",\"breadcrumb\":{\"@id\":\"https:\/\/www.silvia-herrero.com\/tratamiento-de-datos-personales\/#breadcrumb\"},\"inLanguage\":\"en-US\",\"potentialAction\":[{\"@type\":\"ReadAction\",\"target\":[\"https:\/\/www.silvia-herrero.com\/tratamiento-de-datos-personales\/\"]}]},{\"@type\":\"ImageObject\",\"inLanguage\":\"en-US\",\"@id\":\"https:\/\/www.silvia-herrero.com\/tratamiento-de-datos-personales\/#primaryimage\",\"url\":\"https:\/\/www.silvia-herrero.com\/wp-content\/uploads\/2026\/01\/SilviaHerrero.jpg\",\"contentUrl\":\"https:\/\/www.silvia-herrero.com\/wp-content\/uploads\/2026\/01\/SilviaHerrero.jpg\",\"width\":1200,\"height\":1200},{\"@type\":\"BreadcrumbList\",\"@id\":\"https:\/\/www.silvia-herrero.com\/tratamiento-de-datos-personales\/#breadcrumb\",\"itemListElement\":[{\"@type\":\"ListItem\",\"position\":1,\"name\":\"Portada\",\"item\":\"https:\/\/www.silvia-herrero.com\/\"},{\"@type\":\"ListItem\",\"position\":2,\"name\":\"Tratamiento de datos personales\"}]},{\"@type\":\"WebSite\",\"@id\":\"https:\/\/www.silvia-herrero.com\/#website\",\"url\":\"https:\/\/www.silvia-herrero.com\/\",\"name\":\"Silvia Herrero\",\"description\":\"\",\"publisher\":{\"@id\":\"https:\/\/www.silvia-herrero.com\/#organization\"},\"potentialAction\":[{\"@type\":\"SearchAction\",\"target\":{\"@type\":\"EntryPoint\",\"urlTemplate\":\"https:\/\/www.silvia-herrero.com\/?s={search_term_string}\"},\"query-input\":{\"@type\":\"PropertyValueSpecification\",\"valueRequired\":true,\"valueName\":\"search_term_string\"}}],\"inLanguage\":\"en-US\"},{\"@type\":\"Organization\",\"@id\":\"https:\/\/www.silvia-herrero.com\/#organization\",\"name\":\"Silvia Herrero\",\"url\":\"https:\/\/www.silvia-herrero.com\/\",\"logo\":{\"@type\":\"ImageObject\",\"inLanguage\":\"en-US\",\"@id\":\"https:\/\/www.silvia-herrero.com\/#\/schema\/logo\/image\/\",\"url\":\"https:\/\/silvia-herrero.com\/wp-content\/uploads\/2026\/01\/SilviaHerrero.jpg\",\"contentUrl\":\"https:\/\/silvia-herrero.com\/wp-content\/uploads\/2026\/01\/SilviaHerrero.jpg\",\"width\":1200,\"height\":1200,\"caption\":\"Silvia Herrero\"},\"image\":{\"@id\":\"https:\/\/www.silvia-herrero.com\/#\/schema\/logo\/image\/\"},\"sameAs\":[\"https:\/\/www.instagram.com\/silviaherreroduato\",\"https:\/\/www.linkedin.com\/in\/silvia-herrero-duato-19307a186\/\"]}]}<\/script>\n<!-- \/ Yoast SEO plugin. -->","yoast_head_json":{"title":"Silvia Herrero | Tratamiento de datos personales","robots":{"index":"index","follow":"follow","max-snippet":"max-snippet:-1","max-image-preview":"max-image-preview:large","max-video-preview":"max-video-preview:-1"},"canonical":"https:\/\/www.silvia-herrero.com\/en\/tratamiento-de-datos-personales\/","og_locale":"en_US","og_type":"article","og_title":"Silvia Herrero | Tratamiento de datos personales","og_url":"https:\/\/www.silvia-herrero.com\/en\/tratamiento-de-datos-personales\/","og_site_name":"Silvia Herrero","og_image":[{"width":1200,"height":1200,"url":"https:\/\/www.silvia-herrero.com\/wp-content\/uploads\/2026\/01\/SilviaHerrero.jpg","type":"image\/jpeg"}],"twitter_card":"summary_large_image","twitter_misc":{"Est. reading time":"2 minutes"},"schema":{"@context":"https:\/\/schema.org","@graph":[{"@type":"WebPage","@id":"https:\/\/www.silvia-herrero.com\/tratamiento-de-datos-personales\/","url":"https:\/\/www.silvia-herrero.com\/tratamiento-de-datos-personales\/","name":"Silvia Herrero | Tratamiento de datos personales","isPartOf":{"@id":"https:\/\/www.silvia-herrero.com\/#website"},"primaryImageOfPage":{"@id":"https:\/\/www.silvia-herrero.com\/tratamiento-de-datos-personales\/#primaryimage"},"image":{"@id":"https:\/\/www.silvia-herrero.com\/tratamiento-de-datos-personales\/#primaryimage"},"thumbnailUrl":"https:\/\/www.silvia-herrero.com\/wp-content\/uploads\/2026\/01\/SilviaHerrero.jpg","datePublished":"2026-01-24T17:02:12+00:00","breadcrumb":{"@id":"https:\/\/www.silvia-herrero.com\/tratamiento-de-datos-personales\/#breadcrumb"},"inLanguage":"en-US","potentialAction":[{"@type":"ReadAction","target":["https:\/\/www.silvia-herrero.com\/tratamiento-de-datos-personales\/"]}]},{"@type":"ImageObject","inLanguage":"en-US","@id":"https:\/\/www.silvia-herrero.com\/tratamiento-de-datos-personales\/#primaryimage","url":"https:\/\/www.silvia-herrero.com\/wp-content\/uploads\/2026\/01\/SilviaHerrero.jpg","contentUrl":"https:\/\/www.silvia-herrero.com\/wp-content\/uploads\/2026\/01\/SilviaHerrero.jpg","width":1200,"height":1200},{"@type":"BreadcrumbList","@id":"https:\/\/www.silvia-herrero.com\/tratamiento-de-datos-personales\/#breadcrumb","itemListElement":[{"@type":"ListItem","position":1,"name":"Portada","item":"https:\/\/www.silvia-herrero.com\/"},{"@type":"ListItem","position":2,"name":"Tratamiento de datos personales"}]},{"@type":"WebSite","@id":"https:\/\/www.silvia-herrero.com\/#website","url":"https:\/\/www.silvia-herrero.com\/","name":"Silvia Herrero","description":"","publisher":{"@id":"https:\/\/www.silvia-herrero.com\/#organization"},"potentialAction":[{"@type":"SearchAction","target":{"@type":"EntryPoint","urlTemplate":"https:\/\/www.silvia-herrero.com\/?s={search_term_string}"},"query-input":{"@type":"PropertyValueSpecification","valueRequired":true,"valueName":"search_term_string"}}],"inLanguage":"en-US"},{"@type":"Organization","@id":"https:\/\/www.silvia-herrero.com\/#organization","name":"Silvia Herrero","url":"https:\/\/www.silvia-herrero.com\/","logo":{"@type":"ImageObject","inLanguage":"en-US","@id":"https:\/\/www.silvia-herrero.com\/#\/schema\/logo\/image\/","url":"https:\/\/silvia-herrero.com\/wp-content\/uploads\/2026\/01\/SilviaHerrero.jpg","contentUrl":"https:\/\/silvia-herrero.com\/wp-content\/uploads\/2026\/01\/SilviaHerrero.jpg","width":1200,"height":1200,"caption":"Silvia Herrero"},"image":{"@id":"https:\/\/www.silvia-herrero.com\/#\/schema\/logo\/image\/"},"sameAs":["https:\/\/www.instagram.com\/silviaherreroduato","https:\/\/www.linkedin.com\/in\/silvia-herrero-duato-19307a186\/"]}]}},"_links":{"self":[{"href":"https:\/\/www.silvia-herrero.com\/en\/wp-json\/wp\/v2\/pages\/162","targetHints":{"allow":["GET"]}}],"collection":[{"href":"https:\/\/www.silvia-herrero.com\/en\/wp-json\/wp\/v2\/pages"}],"about":[{"href":"https:\/\/www.silvia-herrero.com\/en\/wp-json\/wp\/v2\/types\/page"}],"author":[{"embeddable":true,"href":"https:\/\/www.silvia-herrero.com\/en\/wp-json\/wp\/v2\/users\/1"}],"replies":[{"embeddable":true,"href":"https:\/\/www.silvia-herrero.com\/en\/wp-json\/wp\/v2\/comments?post=162"}],"version-history":[{"count":1,"href":"https:\/\/www.silvia-herrero.com\/en\/wp-json\/wp\/v2\/pages\/162\/revisions"}],"predecessor-version":[{"id":163,"href":"https:\/\/www.silvia-herrero.com\/en\/wp-json\/wp\/v2\/pages\/162\/revisions\/163"}],"wp:featuredmedia":[{"embeddable":true,"href":"https:\/\/www.silvia-herrero.com\/en\/wp-json\/wp\/v2\/media\/24"}],"wp:attachment":[{"href":"https:\/\/www.silvia-herrero.com\/en\/wp-json\/wp\/v2\/media?parent=162"}],"curies":[{"name":"wp","href":"https:\/\/api.w.org\/{rel}","templated":true}]}}