{"id":158,"date":"2026-01-24T17:53:28","date_gmt":"2026-01-24T16:53:28","guid":{"rendered":"https:\/\/silvia-herrero.com\/?page_id=158"},"modified":"2026-01-24T18:42:51","modified_gmt":"2026-01-24T17:42:51","slug":"politica-de-privacidad","status":"publish","type":"page","link":"https:\/\/www.silvia-herrero.com\/en\/politica-de-privacidad\/","title":{"rendered":"Privacy Policy"},"content":{"rendered":"<section class=\"l-section wpb_row height_auto width_full\"><div class=\"l-section-h i-cf\"><div class=\"g-cols vc_row via_flex valign_top type_default stacking_default\"><div class=\"vc_col-sm-12 wpb_column vc_column_container\"><div class=\"vc_column-inner\"><div class=\"wpb_wrapper\"><section class=\"l-section wpb_row us_custom_e3b9c1a6 us_animate_this height_medium\"><div class=\"l-section-h i-cf\"><div class=\"g-cols vc_row via_flex valign_top type_default stacking_default\"><div class=\"vc_col-sm-12 wpb_column vc_column_container\"><div class=\"vc_column-inner\"><div class=\"wpb_wrapper\"><div class=\"g-cols wpb_row via_flex valign_top type_default stacking_default\"><div class=\"vc_col-sm-2 wpb_column vc_column_container\"><div class=\"vc_column-inner us_custom_45c7bd72\"><div class=\"wpb_wrapper\"><\/div><\/div><\/div><div class=\"vc_col-sm-8 wpb_column vc_column_container\"><div class=\"vc_column-inner\"><div class=\"wpb_wrapper\"><div class=\"w-separator hide_on_default hide_on_laptops size_huge\"><\/div><div class=\"w-separator size_medium\"><\/div><h2 class=\"w-post-elm post_title us_custom_6f72c98b has_text_color us_animate_this align_center entry-title color_link_inherit\">Privacy Policy<\/h2><nav class=\"g-breadcrumbs us_custom_60bc9eb9 has_text_color us_animate_this separator_icon align_center\" itemscope itemtype=\"http:\/\/schema.org\/BreadcrumbList\"><div class=\"g-breadcrumbs-item\" itemscope itemprop=\"itemListElement\" itemtype=\"http:\/\/schema.org\/ListItem\"><a itemprop=\"item\" href=\"https:\/\/www.silvia-herrero.com\/en\/\"><span itemprop=\"name\">Home<\/span><\/a><meta itemprop=\"position\" content=\"1\"\/><\/div><div class=\"g-breadcrumbs-separator\"><i class=\"far fa-angle-right\"><\/i><\/div><div class=\"g-breadcrumbs-item\">Pages<\/div><\/nav><div class=\"w-separator size_medium\"><\/div><div class=\"w-separator hide_on_default hide_on_laptops size_huge\"><\/div><\/div><\/div><\/div><div class=\"vc_col-sm-2 wpb_column vc_column_container\"><div class=\"vc_column-inner\"><div class=\"wpb_wrapper\"><\/div><\/div><\/div><\/div><\/div><\/div><\/div><\/div><\/div><\/section>\n<\/div><\/div><\/div><\/div><\/div><\/section><section class=\"l-section wpb_row height_large\"><div class=\"l-section-h i-cf\"><div class=\"g-cols vc_row via_flex valign_top type_default stacking_default\"><div class=\"vc_col-sm-12 wpb_column vc_column_container\"><div class=\"vc_column-inner us_custom_47d40b1d us_animate_this\"><div class=\"wpb_wrapper\"><div class=\"wpb_text_column\"><div class=\"wpb_wrapper\"><p>SILVIA HERRERO (El Responsable) protege los datos personales con lo dispuesto en el Reglamento (UE) 2016\/679, de 27 de abril (GDPR), y la Ley Org\u00e1nica 3\/2018, de 5 de diciembre (LOPDGDD).<\/p>\n<p>&nbsp;<\/p>\n<p><strong>DATOS RECOGIDOS EN FORMULARIO DE CONTACTO<\/strong><\/p>\n<figure class=\"wp-block-table\">\n<table>\n<tbody>\n<tr>\n<td>Finalidad<\/td>\n<td>Remitir al usuario informaci\u00f3n que puedan ser de su inter\u00e9s en la direcci\u00f3n proporcionada.<\/td>\n<\/tr>\n<tr>\n<td>Legitimaci\u00f3n para el tratamiento<\/td>\n<td>Consentimiento del usuario<\/td>\n<\/tr>\n<tr>\n<td>Criterios de conservaci\u00f3n<\/td>\n<td>Sus datos ser\u00e1n cancelados en el momento en que Ud. nos retire el consentimiento, se conservar\u00e1n durante el plazo de 3 a\u00f1os para responder de posibles reclamaciones y\/o en el momento en que solicite la supresi\u00f3n, despu\u00e9s de oponerse al tratamiento, ser\u00e1n destruidos.<\/td>\n<\/tr>\n<tr>\n<td>Comunicaci\u00f3n de datos<\/td>\n<td>No se ceder\u00e1n, salvo que la ley nos obligue o sea necesario para la operatividad del servicio.<\/td>\n<\/tr>\n<tr>\n<td>Derechos del usuario<\/td>\n<td>Derechos de acceso, rectificaci\u00f3n, supresi\u00f3n, portabilidad y la limitaci\u00f3n u oposici\u00f3n a su tratamiento, as\u00ed como solicitar m\u00e1s informaci\u00f3n sobre el tratamiento de sus datos. Derecho a presentar una reclamaci\u00f3n ante la Agencia espa\u00f1ola de Protecci\u00f3n de Datos.<\/td>\n<\/tr>\n<tr>\n<td>Datos de contacto para ejercer los<br \/>\nderechos del usuario<\/td>\n<td>silvia.herreroduato@gmail.com<\/td>\n<\/tr>\n<\/tbody>\n<\/table>\n<\/figure>\n<p>&nbsp;<\/p>\n<p><strong>DATOS RECOGIDOS EN FORMULARIO DE CONTACTO CON ACEPTACI\u00d3N DE RECIBIR COMUNICACIONES COMERCIALES<\/strong><\/p>\n<figure class=\"wp-block-table\">\n<table>\n<tbody>\n<tr>\n<td>Finalidad<\/td>\n<td>Remitir al usuario informaci\u00f3n que puedan ser de su inter\u00e9s en la direcci\u00f3n proporcionada, as\u00ed como para gestionar la posible relaci\u00f3n comercial.<\/td>\n<\/tr>\n<tr>\n<td>Legitimaci\u00f3n para el tratamiento<\/td>\n<td>Consentimiento del usuario<\/td>\n<\/tr>\n<tr>\n<td>Criterios de conservaci\u00f3n<\/td>\n<td>Sus datos ser\u00e1n cancelados en el momento en que Ud. nos retire el consentimiento, se conservar\u00e1n durante el plazo de 3 a\u00f1os para responder de posibles reclamaciones y\/o en el momento en que solicite la supresi\u00f3n, despu\u00e9s de oponerse al tratamiento, ser\u00e1n destruidos.<\/td>\n<\/tr>\n<tr>\n<td>Comunicaci\u00f3n de datos<\/td>\n<td>No se ceder\u00e1n salvo que la ley nos obligue o sea necesario para la operatividad del servicio.<\/td>\n<\/tr>\n<tr>\n<td>Derechos del usuario<\/td>\n<td>Derechos de acceso, rectificaci\u00f3n, supresi\u00f3n, portabilidad y la limitaci\u00f3n u oposici\u00f3n a su tratamiento, as\u00ed como solicitar m\u00e1s informaci\u00f3n sobre el tratamiento de sus datos. Derecho a presentar una reclamaci\u00f3n ante la Agencia espa\u00f1ola de Protecci\u00f3n de Datos.<\/td>\n<\/tr>\n<tr>\n<td>Datos de contacto para ejercer los<br \/>\nderechos del usuario<\/td>\n<td>silvia.herreroduato@gmail.com<\/td>\n<\/tr>\n<\/tbody>\n<\/table>\n<\/figure>\n<p>&nbsp;<\/p>\n<p><strong>No se realizan transferencias internacionales de datos.<\/strong><\/p>\n<p><strong>Menores de edad.<\/strong><\/p>\n<p>Para el uso de los servicios, los menores de edad tienen que obtener siempre previamente el consentimiento de los padres, tutores o representantes legales, responsables \u00faltimos de todos los actos realizados por los menores a su cargo.<\/p>\n<p>Quien facilita los datos a trav\u00e9s de los formularios de esta web y acepta su tratamiento declara ser mayor de 14 a\u00f1os, quedando prohibido el acceso y uso del portal a menores de dicha edad.<\/p>\n<p><strong>Actualizaci\u00f3n de datos<\/strong><\/p>\n<p>El usuario garantiza que los datos personales facilitados son veraces garantizando que toda la informaci\u00f3n facilitada corresponde con la situaci\u00f3n real, que est\u00e1 actualizada y es exacta, quedando obligado a comunicar cualquier modificaci\u00f3n.<\/p>\n<p><strong>Datos de Terceros<\/strong><\/p>\n<p>Si el usuario facilita datos de terceras personas garantiza que ha obtenido estos datos de forma l\u00edcita, que ha informado previamente a los afectados, obteniendo su consentimiento para comunicarlos y que la informaci\u00f3n facilitada es exacta y veraz.<\/p>\n<\/div><\/div><\/div><\/div><\/div><\/div><\/div><\/section>","protected":false},"excerpt":{"rendered":"Pol\u00edtica de PrivacidadHomePages SILVIA HERRERO (El Responsable) protege los datos personales con lo dispuesto en el Reglamento (UE) 2016\/679, de 27 de abril (GDPR), y la Ley Org\u00e1nica 3\/2018, de 5 de diciembre (LOPDGDD). &nbsp; DATOS RECOGIDOS EN FORMULARIO DE CONTACTO Finalidad Remitir al usuario informaci\u00f3n que puedan ser de su inter\u00e9s en la direcci\u00f3n...","protected":false},"author":1,"featured_media":24,"parent":0,"menu_order":0,"comment_status":"closed","ping_status":"closed","template":"","meta":{"footnotes":""},"class_list":["post-158","page","type-page","status-publish","has-post-thumbnail","hentry"],"yoast_head":"<!-- This site is optimized with the Yoast SEO plugin v26.8 - https:\/\/yoast.com\/product\/yoast-seo-wordpress\/ -->\n<title>Silvia Herrero | Pol\u00edtica de Privacidad<\/title>\n<meta name=\"robots\" content=\"index, follow, max-snippet:-1, max-image-preview:large, max-video-preview:-1\" \/>\n<link rel=\"canonical\" href=\"https:\/\/www.silvia-herrero.com\/en\/politica-de-privacidad\/\" \/>\n<meta property=\"og:locale\" content=\"en_US\" \/>\n<meta property=\"og:type\" content=\"article\" \/>\n<meta property=\"og:title\" content=\"Silvia Herrero | Pol\u00edtica de Privacidad\" \/>\n<meta property=\"og:url\" content=\"https:\/\/www.silvia-herrero.com\/en\/politica-de-privacidad\/\" \/>\n<meta property=\"og:site_name\" content=\"Silvia Herrero\" \/>\n<meta property=\"article:modified_time\" content=\"2026-01-24T17:42:51+00:00\" \/>\n<meta property=\"og:image\" content=\"https:\/\/www.silvia-herrero.com\/wp-content\/uploads\/2026\/01\/SilviaHerrero.jpg\" \/>\n\t<meta property=\"og:image:width\" content=\"1200\" \/>\n\t<meta property=\"og:image:height\" content=\"1200\" \/>\n\t<meta property=\"og:image:type\" content=\"image\/jpeg\" \/>\n<meta name=\"twitter:card\" content=\"summary_large_image\" \/>\n<meta name=\"twitter:label1\" content=\"Est. reading time\" \/>\n\t<meta name=\"twitter:data1\" content=\"3 minutes\" \/>\n<script type=\"application\/ld+json\" class=\"yoast-schema-graph\">{\"@context\":\"https:\/\/schema.org\",\"@graph\":[{\"@type\":\"WebPage\",\"@id\":\"https:\/\/www.silvia-herrero.com\/politica-de-privacidad\/\",\"url\":\"https:\/\/www.silvia-herrero.com\/politica-de-privacidad\/\",\"name\":\"Silvia Herrero | Pol\u00edtica de Privacidad\",\"isPartOf\":{\"@id\":\"https:\/\/www.silvia-herrero.com\/#website\"},\"primaryImageOfPage\":{\"@id\":\"https:\/\/www.silvia-herrero.com\/politica-de-privacidad\/#primaryimage\"},\"image\":{\"@id\":\"https:\/\/www.silvia-herrero.com\/politica-de-privacidad\/#primaryimage\"},\"thumbnailUrl\":\"https:\/\/www.silvia-herrero.com\/wp-content\/uploads\/2026\/01\/SilviaHerrero.jpg\",\"datePublished\":\"2026-01-24T16:53:28+00:00\",\"dateModified\":\"2026-01-24T17:42:51+00:00\",\"breadcrumb\":{\"@id\":\"https:\/\/www.silvia-herrero.com\/politica-de-privacidad\/#breadcrumb\"},\"inLanguage\":\"en-US\",\"potentialAction\":[{\"@type\":\"ReadAction\",\"target\":[\"https:\/\/www.silvia-herrero.com\/politica-de-privacidad\/\"]}]},{\"@type\":\"ImageObject\",\"inLanguage\":\"en-US\",\"@id\":\"https:\/\/www.silvia-herrero.com\/politica-de-privacidad\/#primaryimage\",\"url\":\"https:\/\/www.silvia-herrero.com\/wp-content\/uploads\/2026\/01\/SilviaHerrero.jpg\",\"contentUrl\":\"https:\/\/www.silvia-herrero.com\/wp-content\/uploads\/2026\/01\/SilviaHerrero.jpg\",\"width\":1200,\"height\":1200},{\"@type\":\"BreadcrumbList\",\"@id\":\"https:\/\/www.silvia-herrero.com\/politica-de-privacidad\/#breadcrumb\",\"itemListElement\":[{\"@type\":\"ListItem\",\"position\":1,\"name\":\"Portada\",\"item\":\"https:\/\/www.silvia-herrero.com\/\"},{\"@type\":\"ListItem\",\"position\":2,\"name\":\"Pol\u00edtica de Privacidad\"}]},{\"@type\":\"WebSite\",\"@id\":\"https:\/\/www.silvia-herrero.com\/#website\",\"url\":\"https:\/\/www.silvia-herrero.com\/\",\"name\":\"Silvia Herrero\",\"description\":\"\",\"publisher\":{\"@id\":\"https:\/\/www.silvia-herrero.com\/#organization\"},\"potentialAction\":[{\"@type\":\"SearchAction\",\"target\":{\"@type\":\"EntryPoint\",\"urlTemplate\":\"https:\/\/www.silvia-herrero.com\/?s={search_term_string}\"},\"query-input\":{\"@type\":\"PropertyValueSpecification\",\"valueRequired\":true,\"valueName\":\"search_term_string\"}}],\"inLanguage\":\"en-US\"},{\"@type\":\"Organization\",\"@id\":\"https:\/\/www.silvia-herrero.com\/#organization\",\"name\":\"Silvia Herrero\",\"url\":\"https:\/\/www.silvia-herrero.com\/\",\"logo\":{\"@type\":\"ImageObject\",\"inLanguage\":\"en-US\",\"@id\":\"https:\/\/www.silvia-herrero.com\/#\/schema\/logo\/image\/\",\"url\":\"https:\/\/silvia-herrero.com\/wp-content\/uploads\/2026\/01\/SilviaHerrero.jpg\",\"contentUrl\":\"https:\/\/silvia-herrero.com\/wp-content\/uploads\/2026\/01\/SilviaHerrero.jpg\",\"width\":1200,\"height\":1200,\"caption\":\"Silvia Herrero\"},\"image\":{\"@id\":\"https:\/\/www.silvia-herrero.com\/#\/schema\/logo\/image\/\"},\"sameAs\":[\"https:\/\/www.instagram.com\/silviaherreroduato\",\"https:\/\/www.linkedin.com\/in\/silvia-herrero-duato-19307a186\/\"]}]}<\/script>\n<!-- \/ Yoast SEO plugin. -->","yoast_head_json":{"title":"Silvia Herrero | Pol\u00edtica de Privacidad","robots":{"index":"index","follow":"follow","max-snippet":"max-snippet:-1","max-image-preview":"max-image-preview:large","max-video-preview":"max-video-preview:-1"},"canonical":"https:\/\/www.silvia-herrero.com\/en\/politica-de-privacidad\/","og_locale":"en_US","og_type":"article","og_title":"Silvia Herrero | Pol\u00edtica de Privacidad","og_url":"https:\/\/www.silvia-herrero.com\/en\/politica-de-privacidad\/","og_site_name":"Silvia Herrero","article_modified_time":"2026-01-24T17:42:51+00:00","og_image":[{"width":1200,"height":1200,"url":"https:\/\/www.silvia-herrero.com\/wp-content\/uploads\/2026\/01\/SilviaHerrero.jpg","type":"image\/jpeg"}],"twitter_card":"summary_large_image","twitter_misc":{"Est. reading time":"3 minutes"},"schema":{"@context":"https:\/\/schema.org","@graph":[{"@type":"WebPage","@id":"https:\/\/www.silvia-herrero.com\/politica-de-privacidad\/","url":"https:\/\/www.silvia-herrero.com\/politica-de-privacidad\/","name":"Silvia Herrero | Pol\u00edtica de Privacidad","isPartOf":{"@id":"https:\/\/www.silvia-herrero.com\/#website"},"primaryImageOfPage":{"@id":"https:\/\/www.silvia-herrero.com\/politica-de-privacidad\/#primaryimage"},"image":{"@id":"https:\/\/www.silvia-herrero.com\/politica-de-privacidad\/#primaryimage"},"thumbnailUrl":"https:\/\/www.silvia-herrero.com\/wp-content\/uploads\/2026\/01\/SilviaHerrero.jpg","datePublished":"2026-01-24T16:53:28+00:00","dateModified":"2026-01-24T17:42:51+00:00","breadcrumb":{"@id":"https:\/\/www.silvia-herrero.com\/politica-de-privacidad\/#breadcrumb"},"inLanguage":"en-US","potentialAction":[{"@type":"ReadAction","target":["https:\/\/www.silvia-herrero.com\/politica-de-privacidad\/"]}]},{"@type":"ImageObject","inLanguage":"en-US","@id":"https:\/\/www.silvia-herrero.com\/politica-de-privacidad\/#primaryimage","url":"https:\/\/www.silvia-herrero.com\/wp-content\/uploads\/2026\/01\/SilviaHerrero.jpg","contentUrl":"https:\/\/www.silvia-herrero.com\/wp-content\/uploads\/2026\/01\/SilviaHerrero.jpg","width":1200,"height":1200},{"@type":"BreadcrumbList","@id":"https:\/\/www.silvia-herrero.com\/politica-de-privacidad\/#breadcrumb","itemListElement":[{"@type":"ListItem","position":1,"name":"Portada","item":"https:\/\/www.silvia-herrero.com\/"},{"@type":"ListItem","position":2,"name":"Pol\u00edtica de Privacidad"}]},{"@type":"WebSite","@id":"https:\/\/www.silvia-herrero.com\/#website","url":"https:\/\/www.silvia-herrero.com\/","name":"Silvia Herrero","description":"","publisher":{"@id":"https:\/\/www.silvia-herrero.com\/#organization"},"potentialAction":[{"@type":"SearchAction","target":{"@type":"EntryPoint","urlTemplate":"https:\/\/www.silvia-herrero.com\/?s={search_term_string}"},"query-input":{"@type":"PropertyValueSpecification","valueRequired":true,"valueName":"search_term_string"}}],"inLanguage":"en-US"},{"@type":"Organization","@id":"https:\/\/www.silvia-herrero.com\/#organization","name":"Silvia Herrero","url":"https:\/\/www.silvia-herrero.com\/","logo":{"@type":"ImageObject","inLanguage":"en-US","@id":"https:\/\/www.silvia-herrero.com\/#\/schema\/logo\/image\/","url":"https:\/\/silvia-herrero.com\/wp-content\/uploads\/2026\/01\/SilviaHerrero.jpg","contentUrl":"https:\/\/silvia-herrero.com\/wp-content\/uploads\/2026\/01\/SilviaHerrero.jpg","width":1200,"height":1200,"caption":"Silvia Herrero"},"image":{"@id":"https:\/\/www.silvia-herrero.com\/#\/schema\/logo\/image\/"},"sameAs":["https:\/\/www.instagram.com\/silviaherreroduato","https:\/\/www.linkedin.com\/in\/silvia-herrero-duato-19307a186\/"]}]}},"_links":{"self":[{"href":"https:\/\/www.silvia-herrero.com\/en\/wp-json\/wp\/v2\/pages\/158","targetHints":{"allow":["GET"]}}],"collection":[{"href":"https:\/\/www.silvia-herrero.com\/en\/wp-json\/wp\/v2\/pages"}],"about":[{"href":"https:\/\/www.silvia-herrero.com\/en\/wp-json\/wp\/v2\/types\/page"}],"author":[{"embeddable":true,"href":"https:\/\/www.silvia-herrero.com\/en\/wp-json\/wp\/v2\/users\/1"}],"replies":[{"embeddable":true,"href":"https:\/\/www.silvia-herrero.com\/en\/wp-json\/wp\/v2\/comments?post=158"}],"version-history":[{"count":5,"href":"https:\/\/www.silvia-herrero.com\/en\/wp-json\/wp\/v2\/pages\/158\/revisions"}],"predecessor-version":[{"id":180,"href":"https:\/\/www.silvia-herrero.com\/en\/wp-json\/wp\/v2\/pages\/158\/revisions\/180"}],"wp:featuredmedia":[{"embeddable":true,"href":"https:\/\/www.silvia-herrero.com\/en\/wp-json\/wp\/v2\/media\/24"}],"wp:attachment":[{"href":"https:\/\/www.silvia-herrero.com\/en\/wp-json\/wp\/v2\/media?parent=158"}],"curies":[{"name":"wp","href":"https:\/\/api.w.org\/{rel}","templated":true}]}}