{"id":153,"date":"2026-01-24T17:52:07","date_gmt":"2026-01-24T16:52:07","guid":{"rendered":"https:\/\/silvia-herrero.com\/?page_id=153"},"modified":"2026-01-24T17:52:07","modified_gmt":"2026-01-24T16:52:07","slug":"aviso-legal","status":"publish","type":"page","link":"https:\/\/www.silvia-herrero.com\/en\/aviso-legal\/","title":{"rendered":"Legal Notice"},"content":{"rendered":"<section class=\"l-section wpb_row height_auto width_full\"><div class=\"l-section-h i-cf\"><div class=\"g-cols vc_row via_flex valign_top type_default stacking_default\"><div class=\"vc_col-sm-12 wpb_column vc_column_container\"><div class=\"vc_column-inner\"><div class=\"wpb_wrapper\"><section class=\"l-section wpb_row us_custom_e3b9c1a6 us_animate_this height_medium\"><div class=\"l-section-h i-cf\"><div class=\"g-cols vc_row via_flex valign_top type_default stacking_default\"><div class=\"vc_col-sm-12 wpb_column vc_column_container\"><div class=\"vc_column-inner\"><div class=\"wpb_wrapper\"><div class=\"g-cols wpb_row via_flex valign_top type_default stacking_default\"><div class=\"vc_col-sm-2 wpb_column vc_column_container\"><div class=\"vc_column-inner us_custom_45c7bd72\"><div class=\"wpb_wrapper\"><\/div><\/div><\/div><div class=\"vc_col-sm-8 wpb_column vc_column_container\"><div class=\"vc_column-inner\"><div class=\"wpb_wrapper\"><div class=\"w-separator hide_on_default hide_on_laptops size_huge\"><\/div><div class=\"w-separator size_medium\"><\/div><h2 class=\"w-post-elm post_title us_custom_6f72c98b has_text_color us_animate_this align_center entry-title color_link_inherit\">Legal Notice<\/h2><nav class=\"g-breadcrumbs us_custom_60bc9eb9 has_text_color us_animate_this separator_icon align_center\" itemscope itemtype=\"http:\/\/schema.org\/BreadcrumbList\"><div class=\"g-breadcrumbs-item\" itemscope itemprop=\"itemListElement\" itemtype=\"http:\/\/schema.org\/ListItem\"><a itemprop=\"item\" href=\"https:\/\/www.silvia-herrero.com\/en\/\"><span itemprop=\"name\">Home<\/span><\/a><meta itemprop=\"position\" content=\"1\"\/><\/div><div class=\"g-breadcrumbs-separator\"><i class=\"far fa-angle-right\"><\/i><\/div><div class=\"g-breadcrumbs-item\">Pages<\/div><\/nav><div class=\"w-separator size_medium\"><\/div><div class=\"w-separator hide_on_default hide_on_laptops size_huge\"><\/div><\/div><\/div><\/div><div class=\"vc_col-sm-2 wpb_column vc_column_container\"><div class=\"vc_column-inner\"><div class=\"wpb_wrapper\"><\/div><\/div><\/div><\/div><\/div><\/div><\/div><\/div><\/div><\/section>\n<\/div><\/div><\/div><\/div><\/div><\/section><section class=\"l-section wpb_row height_large\"><div class=\"l-section-h i-cf\"><div class=\"g-cols vc_row via_flex valign_top type_default stacking_default\"><div class=\"vc_col-sm-12 wpb_column vc_column_container\"><div class=\"vc_column-inner us_custom_15a2201b us_animate_this\"><div class=\"wpb_wrapper\"><div class=\"wpb_text_column\"><div class=\"wpb_wrapper\"><p>SILVIA HERRERO (en adelante Responsables o el Prestador) cumple con los requisitos establecidos en la normativa actual sobre Protecci\u00f3n de Datos de Car\u00e1cter Personal y Comercio Electr\u00f3nico. A tal fin, ha creado el siguiente Aviso Legal con el que pretende dar cumplimiento a las obligaciones dispuestas en la Ley 34\/2002, de 11 de julio, de Servicios de la Sociedad de la Informaci\u00f3n y de Comercio Electr\u00f3nico (LSSICE), BOE N.\u00ba 166, as\u00ed como informar a todos los usuarios del sitio web respecto a cu\u00e1les son las condiciones de uso.<\/p>\n<p><strong>Informaci\u00f3n<\/strong><\/p>\n<p>Denominaci\u00f3n social: SILVIA HERRERO<br \/>\nNIF: 77463737J<br \/>\nNombre de dominio:<span>\u00a0<\/span><a href=\"http:\/\/www.silvia-herrero.com\/en\/\" data-type=\"link\" data-id=\"www.silvia-herrero.com\">www.silvia-herrero.com<\/a><\/p>\n<p><strong>Datos de contacto<\/strong><\/p>\n<p>E-mail: silvia.herreroduato@gmail.com<\/p>\n<p><strong>Datos de colegiaci\u00f3n<\/strong><\/p>\n<p>Colegiada n\u00famero 33264 del Colegio de Enfermer\u00eda de Valencia<\/p>\n<p><strong>Condiciones generales de uso<\/strong><\/p>\n<p>Toda persona que acceda a este sitio Web asume el papel de Usuario, comprometi\u00e9ndose a la observancia y cumplimiento riguroso de las disposiciones aqu\u00ed dispuestas, as\u00ed como a cualquier otra disposici\u00f3n legal que fuera de aplicaci\u00f3n.<\/p>\n<p>SILVIA HERRERO se reserva el derecho a modificar cualquier tipo de informaci\u00f3n que pudiera aparecer en el sitio Web, sin que exista obligaci\u00f3n de preavisar o poner en conocimiento de los Usuarios dichas obligaciones, entendi\u00e9ndose como suficiente con la publicaci\u00f3n en su sitio Web.<\/p>\n<p>El usuario acepta plenamente y sin reservas las disposiciones incluidas en este Aviso Legal, en la versi\u00f3n publicada por SILVIA HERRERO en el momento mismo en que el Usuario acceda al sitio Web.<\/p>\n<p>El sitio Web puede ser visitado libremente y el Usuario se compromete a utilizar sus contenidos y servicios de conformidad con la ley, la moral, las buenas costumbres y el presente Aviso Legal. A tal efecto, el Usuario se abstendr\u00e1 de utilizar el sitio Web con fines o efectos il\u00edcitos, prohibidos y lesivos de los derechos e intereses de terceros.<\/p>\n<p>SILVIA HERRERO no se responsabiliza de los errores u omisiones, de los contenidos del sitio Web ni de otros contenidos a los que se pueda acceder a trav\u00e9s del mismo, ni de los da\u00f1os derivados de la utilizaci\u00f3n del sitio Web, ni por cualquier actuaci\u00f3n realizada sobre la base de la informaci\u00f3n que en ella se facilita.<\/p>\n<p>SILVIA HERRERO ni garantiza la ausencia de virus u otros elementos lesivos, que pudieran causar da\u00f1os o alteraciones en el sistema inform\u00e1tico, en los documentos electr\u00f3nicos o en los ficheros del usuario del sitio Web; ni responde de los da\u00f1os y perjuicios que tales elementos pudieran ocasionar al Usuario o terceros.<\/p>\n<p>El sitio Web tiene car\u00e1cter informativo, por lo que su contenido podr\u00e1 ser modificado, ampliado o suprimido en cualquier momento, sin previo aviso.<\/p>\n<p>SILVIA HERRERO se reserva el derecho de actualizar los contenidos del sitio Web y\/o de eliminarlos, as\u00ed como de limitar e impedir el acceso a los mismos, ya sea temporal o definitivamente, sin previa notificaci\u00f3n.<\/p>\n<p>El prestador no se hace responsable de la informaci\u00f3n y contenidos almacenados, a t\u00edtulo enunciativo, pero no limitativo, en foros, chats, generadores de blogs, comentarios, redes sociales o cualquier otro medio que permita a terceros publicar contenidos de forma independiente en la p\u00e1gina web del prestador. No obstante, y en cumplimiento de lo dispuesto en el art. 11 y 16 de la LSSI-CE, el prestador se pone a disposici\u00f3n de todos los usuarios, autoridades y fuerzas de seguridad, y colaborando de forma activa en la retirada o en su caso bloqueo de todos aquellos contenidos que pudieran afectar o contravenir la legislaci\u00f3n nacional, o internacional, derechos de terceros o la moral y el orden p\u00fablico. En caso de que el usuario considere que existe en el sitio web alg\u00fan contenido que pudiera ser susceptible de esta clasificaci\u00f3n, se ruega lo notifique de forma inmediata al administrador del sitio web.<\/p>\n<p><strong>Derechos de propiedad intelectual e industrial:<\/strong><\/p>\n<p>Todos los derechos de propiedad intelectual y\/o industrial del sitio Web y de todos sus contenidos (textos, im\u00e1genes, dise\u00f1os, creatividades, software, c\u00f3digo fuente, fragmento de audio, programas inform\u00e1ticos, descargas digitales, bases de datos, nombres comerciales, marcas, logotipos, y\/o cualquier otro signo distintivo, etc.) que formen o hayan formado parte del mismo en alg\u00fan momento, est\u00e1n protegidos por Ley y pertenecen a SILVIA HERRERO<\/p>\n<p>En ning\u00fan caso se entender\u00e1 que el acceso y uso del sitio Web implica la renuncia, transmisi\u00f3n, licencia, cesi\u00f3n, total ni parcial, ni autorizaci\u00f3n de clase alguna, para la explotaci\u00f3n, reproducci\u00f3n, comunicaci\u00f3n p\u00fablica, difusi\u00f3n, divulgaci\u00f3n y\/o transformaci\u00f3n ni del sitio Web, ni de sus contenidos, entendidos con la amplitud se\u00f1alada en el punto anterior, ni tampoco de los derechos de propiedad intelectual y\/o industrial inherentes a los mismos.<\/p>\n<p>Independientemente de la finalidad para la que fueran destinados, la reproducci\u00f3n total o parcial, uso, explotaci\u00f3n, distribuci\u00f3n y comercializaci\u00f3n, requiere en todo caso de la autorizaci\u00f3n escrita previa por parte del prestador. Cualquier uso no autorizado previamente por parte del prestador ser\u00e1 considerado un incumplimiento grave de los derechos de propiedad intelectual o industrial del autor.<\/p>\n<p><strong>Car\u00e1cter obligatorio o facultativo de la informaci\u00f3n facilitada por el usuario<\/strong><\/p>\n<p>Los USUARIOS, mediante la marcaci\u00f3n de las casillas correspondientes y la entrada de datos en los campos, marcados con un asterisco (*) en el formulario de contacto o presentados en formularios de descarga, aceptan expresamente y de forma libre e inequ\u00edvoca, que sus datos son necesarios para atender su petici\u00f3n, por parte del prestador, siendo voluntaria la inclusi\u00f3n de datos en los campos restantes.<\/p>\n<p>El USUARIO garantiza que los datos personales facilitados a SILVIA HERRERO son veraces y se hace responsable de comunicar cualquier modificaci\u00f3n de los mismos.<\/p>\n<p>SILVIA HERRERO informa de que todos los datos solicitados a trav\u00e9s del sitio web son obligatorios, ya que son necesarios para la prestaci\u00f3n de un servicio \u00f3ptimo al USUARIO. En caso de que no se faciliten todos los datos, no se garantiza que la informaci\u00f3n y servicios facilitados sean completamente ajustados a sus necesidades.<\/p>\n<p><strong>Medidas de seguridad<\/strong><\/p>\n<p>Que de conformidad con lo dispuesto en las normativas vigentes en protecci\u00f3n de datos personales, SILVIA HERRERO est\u00e1 cumpliendo con todas las disposiciones de las normativas GDPR y LOPDGDD para el tratamiento de los datos personales de su responsabilidad, y manifiestamente con los principios descritos en el art\u00edculo 5 del GDPR, por los cuales son tratados de manera l\u00edcita, leal y transparente en relaci\u00f3n con el interesado y adecuados, pertinentes y limitados a lo necesario en relaci\u00f3n con los fines para los que son tratados.<\/p>\n<p>SILVIA HERRERO garantiza que ha implementado pol\u00edticas t\u00e9cnicas y organizativas apropiadas para aplicar las medidas de seguridad que establecen el GDPR y la LOPDGDD con el fin de proteger los derechos y libertades de los USUARIOS y les ha comunicado la informaci\u00f3n adecuada para que puedan ejercerlos.<\/p>\n<p><strong>Direcciones IP<\/strong><\/p>\n<p>Los servidores del sitio web podr\u00e1n detectar de manera autom\u00e1tica la direcci\u00f3n IP y el nombre de dominio utilizados por el usuario. Una direcci\u00f3n IP es un n\u00famero asignado autom\u00e1ticamente a un ordenador cuando este se conecta a Internet. Toda esta informaci\u00f3n se registra en un fichero de actividad del servidor que permite el posterior procesamiento de los datos con el fin de obtener mediciones \u00fanicamente estad\u00edsticas que permitan conocer el n\u00famero de impresiones de p\u00e1ginas, el n\u00famero de visitas realizadas a los servidores web, el orden de visitas, el punto de acceso, etc.<\/p>\n<p><strong>Uso de Cookies<\/strong><\/p>\n<p>Este sitio web puede utilizar cookies t\u00e9cnicas (peque\u00f1os archivos de informaci\u00f3n que el servidor env\u00eda al ordenador de quien accede a la p\u00e1gina) para llevar a cabo determinadas funciones que son consideradas imprescindibles para el correcto funcionamiento y visualizaci\u00f3n del sitio. Las cookies utilizadas tienen, en todo caso, car\u00e1cter temporal, con la \u00fanica finalidad de hacer m\u00e1s eficaz la navegaci\u00f3n, y desaparecen al terminar la sesi\u00f3n del usuario. En ning\u00fan caso, estas cookies proporcionan por s\u00ed mismas datos de car\u00e1cter personal y no se utilizar\u00e1n para la recogida de los mismos. Mediante el uso de cookies tambi\u00e9n es posible que el servidor donde se encuentra la web reconozca el navegador utilizado por el usuario con la finalidad de que la navegaci\u00f3n sea m\u00e1s sencilla, permitiendo, por ejemplo, el acceso de los usuarios que se hayan registrado previamente a las \u00e1reas, servicios, promociones o concursos reservados exclusivamente a ellos sin tener que registrarse en cada visita. Tambi\u00e9n se pueden utilizar para medir la audiencia, par\u00e1metros de tr\u00e1fico, controlar el progreso y n\u00famero de entradas, etc., siendo en estos casos cookies prescindibles t\u00e9cnicamente, pero beneficiosas para el usuario.<\/p>\n<p>Este sitio web no instalar\u00e1 cookies prescindibles sin el consentimiento previo del usuario. Este sitio web utiliza cookies propias y de terceros para fines anal\u00edticos y para mostrarle publicidad personalizada en base a un perfil elaborado a partir de sus h\u00e1bitos de navegaci\u00f3n (por ejemplo, p\u00e1ginas visitadas). A todo usuario que visita la web se le informa del uso de estas cookies mediante un banner flotante.<\/p>\n<p>En el caso de aceptar su uso, el banner desaparecer\u00e1, aunque en todo momento podr\u00e1 revocar el consentimiento y obtener m\u00e1s informaci\u00f3n consultando nuestra Pol\u00edtica de cookies. El usuario tiene la posibilidad de configurar su navegador para ser alertado de la recepci\u00f3n de cookies y para impedir su instalaci\u00f3n en su equipo. Por favor, consulte las instrucciones de su navegador para ampliar esta informaci\u00f3n.<\/p>\n<p><strong>Enlaces<\/strong><\/p>\n<p>La empresa no asume ninguna responsabilidad sobre el contenido, informaci\u00f3n o servicios que puedan ofrecer los enlaces que se presentan en nuestro sitio Web, y que tienen car\u00e1cter meramente informativo.<\/p>\n<p><strong>Legislaci\u00f3n aplicable<\/strong><\/p>\n<p>Para la resoluci\u00f3n de todas las controversias o cuestiones relacionadas con el presente sitio web o de las actividades en \u00e9l desarrolladas, ser\u00e1 de aplicaci\u00f3n la legislaci\u00f3n espa\u00f1ola, a la que se someten expresamente las partes, siendo competentes para la resoluci\u00f3n de todos los conflictos derivados o relacionados con su uso los Juzgados y Tribunales del domicilio del USUARIO o el lugar del cumplimiento de la obligaci\u00f3n.<\/p>\n<\/div><\/div><\/div><\/div><\/div><\/div><\/div><\/section>","protected":false},"excerpt":{"rendered":"Aviso legalHomePages SILVIA HERRERO (en adelante Responsables o el Prestador) cumple con los requisitos establecidos en la normativa actual sobre Protecci\u00f3n de Datos de Car\u00e1cter Personal y Comercio Electr\u00f3nico. A tal fin, ha creado el siguiente Aviso Legal con el que pretende dar cumplimiento a las obligaciones dispuestas en la Ley 34\/2002, de 11 de...","protected":false},"author":1,"featured_media":24,"parent":0,"menu_order":0,"comment_status":"closed","ping_status":"closed","template":"","meta":{"footnotes":""},"class_list":["post-153","page","type-page","status-publish","has-post-thumbnail","hentry"],"yoast_head":"<!-- This site is optimized with the Yoast SEO plugin v26.8 - https:\/\/yoast.com\/product\/yoast-seo-wordpress\/ -->\n<title>Silvia Herrero | Aviso legal<\/title>\n<meta name=\"robots\" content=\"index, follow, max-snippet:-1, max-image-preview:large, max-video-preview:-1\" \/>\n<link rel=\"canonical\" href=\"https:\/\/www.silvia-herrero.com\/en\/aviso-legal\/\" \/>\n<meta property=\"og:locale\" content=\"en_US\" \/>\n<meta property=\"og:type\" content=\"article\" \/>\n<meta property=\"og:title\" content=\"Silvia Herrero | Aviso legal\" \/>\n<meta property=\"og:url\" content=\"https:\/\/www.silvia-herrero.com\/en\/aviso-legal\/\" \/>\n<meta property=\"og:site_name\" content=\"Silvia Herrero\" \/>\n<meta property=\"og:image\" content=\"https:\/\/www.silvia-herrero.com\/wp-content\/uploads\/2026\/01\/SilviaHerrero.jpg\" \/>\n\t<meta property=\"og:image:width\" content=\"1200\" \/>\n\t<meta property=\"og:image:height\" content=\"1200\" \/>\n\t<meta property=\"og:image:type\" content=\"image\/jpeg\" \/>\n<meta name=\"twitter:card\" content=\"summary_large_image\" \/>\n<meta name=\"twitter:label1\" content=\"Est. reading time\" \/>\n\t<meta name=\"twitter:data1\" content=\"8 minutes\" \/>\n<script type=\"application\/ld+json\" class=\"yoast-schema-graph\">{\"@context\":\"https:\/\/schema.org\",\"@graph\":[{\"@type\":\"WebPage\",\"@id\":\"https:\/\/www.silvia-herrero.com\/aviso-legal\/\",\"url\":\"https:\/\/www.silvia-herrero.com\/aviso-legal\/\",\"name\":\"Silvia Herrero | Aviso legal\",\"isPartOf\":{\"@id\":\"https:\/\/www.silvia-herrero.com\/#website\"},\"primaryImageOfPage\":{\"@id\":\"https:\/\/www.silvia-herrero.com\/aviso-legal\/#primaryimage\"},\"image\":{\"@id\":\"https:\/\/www.silvia-herrero.com\/aviso-legal\/#primaryimage\"},\"thumbnailUrl\":\"https:\/\/www.silvia-herrero.com\/wp-content\/uploads\/2026\/01\/SilviaHerrero.jpg\",\"datePublished\":\"2026-01-24T16:52:07+00:00\",\"breadcrumb\":{\"@id\":\"https:\/\/www.silvia-herrero.com\/aviso-legal\/#breadcrumb\"},\"inLanguage\":\"en-US\",\"potentialAction\":[{\"@type\":\"ReadAction\",\"target\":[\"https:\/\/www.silvia-herrero.com\/aviso-legal\/\"]}]},{\"@type\":\"ImageObject\",\"inLanguage\":\"en-US\",\"@id\":\"https:\/\/www.silvia-herrero.com\/aviso-legal\/#primaryimage\",\"url\":\"https:\/\/www.silvia-herrero.com\/wp-content\/uploads\/2026\/01\/SilviaHerrero.jpg\",\"contentUrl\":\"https:\/\/www.silvia-herrero.com\/wp-content\/uploads\/2026\/01\/SilviaHerrero.jpg\",\"width\":1200,\"height\":1200},{\"@type\":\"BreadcrumbList\",\"@id\":\"https:\/\/www.silvia-herrero.com\/aviso-legal\/#breadcrumb\",\"itemListElement\":[{\"@type\":\"ListItem\",\"position\":1,\"name\":\"Portada\",\"item\":\"https:\/\/www.silvia-herrero.com\/\"},{\"@type\":\"ListItem\",\"position\":2,\"name\":\"Aviso legal\"}]},{\"@type\":\"WebSite\",\"@id\":\"https:\/\/www.silvia-herrero.com\/#website\",\"url\":\"https:\/\/www.silvia-herrero.com\/\",\"name\":\"Silvia Herrero\",\"description\":\"\",\"publisher\":{\"@id\":\"https:\/\/www.silvia-herrero.com\/#organization\"},\"potentialAction\":[{\"@type\":\"SearchAction\",\"target\":{\"@type\":\"EntryPoint\",\"urlTemplate\":\"https:\/\/www.silvia-herrero.com\/?s={search_term_string}\"},\"query-input\":{\"@type\":\"PropertyValueSpecification\",\"valueRequired\":true,\"valueName\":\"search_term_string\"}}],\"inLanguage\":\"en-US\"},{\"@type\":\"Organization\",\"@id\":\"https:\/\/www.silvia-herrero.com\/#organization\",\"name\":\"Silvia Herrero\",\"url\":\"https:\/\/www.silvia-herrero.com\/\",\"logo\":{\"@type\":\"ImageObject\",\"inLanguage\":\"en-US\",\"@id\":\"https:\/\/www.silvia-herrero.com\/#\/schema\/logo\/image\/\",\"url\":\"https:\/\/silvia-herrero.com\/wp-content\/uploads\/2026\/01\/SilviaHerrero.jpg\",\"contentUrl\":\"https:\/\/silvia-herrero.com\/wp-content\/uploads\/2026\/01\/SilviaHerrero.jpg\",\"width\":1200,\"height\":1200,\"caption\":\"Silvia Herrero\"},\"image\":{\"@id\":\"https:\/\/www.silvia-herrero.com\/#\/schema\/logo\/image\/\"},\"sameAs\":[\"https:\/\/www.instagram.com\/silviaherreroduato\",\"https:\/\/www.linkedin.com\/in\/silvia-herrero-duato-19307a186\/\"]}]}<\/script>\n<!-- \/ Yoast SEO plugin. -->","yoast_head_json":{"title":"Silvia Herrero | Aviso legal","robots":{"index":"index","follow":"follow","max-snippet":"max-snippet:-1","max-image-preview":"max-image-preview:large","max-video-preview":"max-video-preview:-1"},"canonical":"https:\/\/www.silvia-herrero.com\/en\/aviso-legal\/","og_locale":"en_US","og_type":"article","og_title":"Silvia Herrero | Aviso legal","og_url":"https:\/\/www.silvia-herrero.com\/en\/aviso-legal\/","og_site_name":"Silvia Herrero","og_image":[{"width":1200,"height":1200,"url":"https:\/\/www.silvia-herrero.com\/wp-content\/uploads\/2026\/01\/SilviaHerrero.jpg","type":"image\/jpeg"}],"twitter_card":"summary_large_image","twitter_misc":{"Est. reading time":"8 minutes"},"schema":{"@context":"https:\/\/schema.org","@graph":[{"@type":"WebPage","@id":"https:\/\/www.silvia-herrero.com\/aviso-legal\/","url":"https:\/\/www.silvia-herrero.com\/aviso-legal\/","name":"Silvia Herrero | Aviso legal","isPartOf":{"@id":"https:\/\/www.silvia-herrero.com\/#website"},"primaryImageOfPage":{"@id":"https:\/\/www.silvia-herrero.com\/aviso-legal\/#primaryimage"},"image":{"@id":"https:\/\/www.silvia-herrero.com\/aviso-legal\/#primaryimage"},"thumbnailUrl":"https:\/\/www.silvia-herrero.com\/wp-content\/uploads\/2026\/01\/SilviaHerrero.jpg","datePublished":"2026-01-24T16:52:07+00:00","breadcrumb":{"@id":"https:\/\/www.silvia-herrero.com\/aviso-legal\/#breadcrumb"},"inLanguage":"en-US","potentialAction":[{"@type":"ReadAction","target":["https:\/\/www.silvia-herrero.com\/aviso-legal\/"]}]},{"@type":"ImageObject","inLanguage":"en-US","@id":"https:\/\/www.silvia-herrero.com\/aviso-legal\/#primaryimage","url":"https:\/\/www.silvia-herrero.com\/wp-content\/uploads\/2026\/01\/SilviaHerrero.jpg","contentUrl":"https:\/\/www.silvia-herrero.com\/wp-content\/uploads\/2026\/01\/SilviaHerrero.jpg","width":1200,"height":1200},{"@type":"BreadcrumbList","@id":"https:\/\/www.silvia-herrero.com\/aviso-legal\/#breadcrumb","itemListElement":[{"@type":"ListItem","position":1,"name":"Portada","item":"https:\/\/www.silvia-herrero.com\/"},{"@type":"ListItem","position":2,"name":"Aviso legal"}]},{"@type":"WebSite","@id":"https:\/\/www.silvia-herrero.com\/#website","url":"https:\/\/www.silvia-herrero.com\/","name":"Silvia Herrero","description":"","publisher":{"@id":"https:\/\/www.silvia-herrero.com\/#organization"},"potentialAction":[{"@type":"SearchAction","target":{"@type":"EntryPoint","urlTemplate":"https:\/\/www.silvia-herrero.com\/?s={search_term_string}"},"query-input":{"@type":"PropertyValueSpecification","valueRequired":true,"valueName":"search_term_string"}}],"inLanguage":"en-US"},{"@type":"Organization","@id":"https:\/\/www.silvia-herrero.com\/#organization","name":"Silvia Herrero","url":"https:\/\/www.silvia-herrero.com\/","logo":{"@type":"ImageObject","inLanguage":"en-US","@id":"https:\/\/www.silvia-herrero.com\/#\/schema\/logo\/image\/","url":"https:\/\/silvia-herrero.com\/wp-content\/uploads\/2026\/01\/SilviaHerrero.jpg","contentUrl":"https:\/\/silvia-herrero.com\/wp-content\/uploads\/2026\/01\/SilviaHerrero.jpg","width":1200,"height":1200,"caption":"Silvia Herrero"},"image":{"@id":"https:\/\/www.silvia-herrero.com\/#\/schema\/logo\/image\/"},"sameAs":["https:\/\/www.instagram.com\/silviaherreroduato","https:\/\/www.linkedin.com\/in\/silvia-herrero-duato-19307a186\/"]}]}},"_links":{"self":[{"href":"https:\/\/www.silvia-herrero.com\/en\/wp-json\/wp\/v2\/pages\/153","targetHints":{"allow":["GET"]}}],"collection":[{"href":"https:\/\/www.silvia-herrero.com\/en\/wp-json\/wp\/v2\/pages"}],"about":[{"href":"https:\/\/www.silvia-herrero.com\/en\/wp-json\/wp\/v2\/types\/page"}],"author":[{"embeddable":true,"href":"https:\/\/www.silvia-herrero.com\/en\/wp-json\/wp\/v2\/users\/1"}],"replies":[{"embeddable":true,"href":"https:\/\/www.silvia-herrero.com\/en\/wp-json\/wp\/v2\/comments?post=153"}],"version-history":[{"count":4,"href":"https:\/\/www.silvia-herrero.com\/en\/wp-json\/wp\/v2\/pages\/153\/revisions"}],"predecessor-version":[{"id":157,"href":"https:\/\/www.silvia-herrero.com\/en\/wp-json\/wp\/v2\/pages\/153\/revisions\/157"}],"wp:featuredmedia":[{"embeddable":true,"href":"https:\/\/www.silvia-herrero.com\/en\/wp-json\/wp\/v2\/media\/24"}],"wp:attachment":[{"href":"https:\/\/www.silvia-herrero.com\/en\/wp-json\/wp\/v2\/media?parent=153"}],"curies":[{"name":"wp","href":"https:\/\/api.w.org\/{rel}","templated":true}]}}